{"id":751,"date":"2018-06-28T01:34:04","date_gmt":"2018-06-28T04:34:04","guid":{"rendered":"https:\/\/uep36-cha.infd.edu.ar\/sitio\/datos-institucionales\/"},"modified":"2023-03-28T19:03:30","modified_gmt":"2023-03-28T22:03:30","slug":"datos-institucionales","status":"publish","type":"page","link":"https:\/\/uep36-cha.infd.edu.ar\/sitio\/datos-institucionales\/","title":{"rendered":"DATOS INSTITUCIONALES"},"content":{"rendered":"<blockquote>\n<p style=\"text-align: center;\"><img decoding=\"async\" loading=\"lazy\" src=\"https:\/\/uep36-cha.infd.edu.ar\/aula\/archivos\/repositorio\/0\/32\/colegio2.jpg\" alt=\"\" width=\"309\" height=\"233\" border=\"0\"><\/p>\n<p style=\"text-align: center;\">\n<p style=\"text-align: justify;\"><span style=\"font-size: 12pt;\"><strong>La U.E.G.P. N\u00ba 36 \u00abP\u00edo XII\u00bb Educaci\u00f3n Superior \u00abPadre Carlos Lauth\u00bb<\/strong><\/span><\/p>\n<p style=\"text-align: justify;\">\n<ul>\n<li style=\"text-align: justify;\"><span style=\"font-size: 12pt;\">Atiende al p\u00fablico desde las 18:00 horas hasta las 22:00 hs.<\/span><\/li>\n<li style=\"text-align: justify;\"><span style=\"font-size: 12pt;\">El horario de asistencia del alumnado &nbsp;a clases: de 18:05 hs a 23:45 hs.<\/span><\/li>\n<li style=\"text-align: justify;\"><span style=\"font-size: 12pt;\">Direcci\u00f3n: Gobernador Goitia 545&nbsp;&nbsp;&#8211; Juan Jos\u00e9 Castelli &#8211; Chaco.<\/span><\/li>\n<li style=\"text-align: justify;\"><span style=\"font-size: 12pt;\">C\u00f3digo Postal: 3705.<\/span><\/li>\n<li style=\"text-align: justify;\"><span style=\"font-size: 12pt;\">URL:&nbsp;<a title=\"Home\" href=\"index.cgi\" target=\"_blank\" rel=\"noopener\">http:\/\/uep36.cha.infd.edu.ar<\/a>&nbsp;<\/span><\/li>\n<li style=\"text-align: justify;\"><span style=\"font-size: 12pt;\">Correo Electr\u00f3nico: uep36padrecarloslauth@gmail.com<\/span><\/li>\n<li style=\"text-align: justify;\"><span style=\"font-size: 12pt;\">Tel\u00e9fono: 0364&nbsp; 4472772&nbsp;<\/span><\/li>\n<\/ul>\n<p style=\"text-align: center;\">\n<p style=\"text-align: center;\">\n<p style=\"text-align: center;\">\n<p style=\"text-align: center;\"><span style=\"font-size: 14pt;\"><span style=\"font-size: 12pt;\"><em><span style=\"text-decoration: underline;\">&nbsp;<\/span><\/em><\/span><\/span><\/p>\n<\/blockquote>\n","protected":false},"excerpt":{"rendered":"<p>La U.E.G.P. N\u00ba 36 \u00abP\u00edo XII\u00bb Educaci\u00f3n Superior \u00abPadre Carlos Lauth\u00bb Atiende al p\u00fablico desde las 18:00 horas hasta las 22:00 hs. El horario de asistencia del alumnado &nbsp;a clases: de 18:05 hs a 23:45 hs. Direcci\u00f3n: Gobernador Goitia 545&nbsp;&nbsp;&#8211; Juan Jos\u00e9 Castelli &#8211; Chaco. C\u00f3digo Postal: 3705. URL:&nbsp;http:\/\/uep36.cha.infd.edu.ar&nbsp; Correo Electr\u00f3nico: uep36padrecarloslauth@gmail.com Tel\u00e9fono: 0364&nbsp; 4472772&nbsp; &#8230; <a title=\"DATOS INSTITUCIONALES\" class=\"read-more\" href=\"https:\/\/uep36-cha.infd.edu.ar\/sitio\/datos-institucionales\/\" aria-label=\"More on DATOS INSTITUCIONALES\">[+]<\/a><\/p>\n","protected":false},"author":249,"featured_media":0,"parent":0,"menu_order":0,"comment_status":"closed","ping_status":"closed","template":"","meta":[],"acf":[],"_links":{"self":[{"href":"https:\/\/uep36-cha.infd.edu.ar\/sitio\/wp-json\/wp\/v2\/pages\/751"}],"collection":[{"href":"https:\/\/uep36-cha.infd.edu.ar\/sitio\/wp-json\/wp\/v2\/pages"}],"about":[{"href":"https:\/\/uep36-cha.infd.edu.ar\/sitio\/wp-json\/wp\/v2\/types\/page"}],"author":[{"embeddable":true,"href":"https:\/\/uep36-cha.infd.edu.ar\/sitio\/wp-json\/wp\/v2\/users\/249"}],"replies":[{"embeddable":true,"href":"https:\/\/uep36-cha.infd.edu.ar\/sitio\/wp-json\/wp\/v2\/comments?post=751"}],"version-history":[{"count":3,"href":"https:\/\/uep36-cha.infd.edu.ar\/sitio\/wp-json\/wp\/v2\/pages\/751\/revisions"}],"predecessor-version":[{"id":1000,"href":"https:\/\/uep36-cha.infd.edu.ar\/sitio\/wp-json\/wp\/v2\/pages\/751\/revisions\/1000"}],"wp:attachment":[{"href":"https:\/\/uep36-cha.infd.edu.ar\/sitio\/wp-json\/wp\/v2\/media?parent=751"}],"curies":[{"name":"wp","href":"https:\/\/api.w.org\/{rel}","templated":true}]}}