{"id":748,"date":"2018-06-28T01:34:03","date_gmt":"2018-06-28T04:34:03","guid":{"rendered":"https:\/\/uep36-cha.infd.edu.ar\/sitio\/preinscripcion-cursos-tic\/"},"modified":"2026-03-08T15:09:50","modified_gmt":"2026-03-08T18:09:50","slug":"inscripcion_plataforma_virtual","status":"publish","type":"page","link":"https:\/\/uep36-cha.infd.edu.ar\/sitio\/inscripcion_plataforma_virtual\/","title":{"rendered":"FORMULARIO DE INSCRIPCI\u00d3N CAMPUS VIRTUAL 2026"},"content":{"rendered":"\n<p><\/p>\n\n\n\n<p>Este formulario es exclusivo para ingresantes del ciclo lectivo 2026. Por favor lea atentamente los datos que ingresa ya que los mismos se utilizar\u00e1n para darlo\/a de alta en el CAMPUS VIRTUAL donde se encuentras las AULAS de las materias que desea cursar.<\/p>\n\n\n\n<p>El o los apellidos y nombres deben escribirse todo en MAY\u00daSCULA, preste atenci\u00f3n en colocar su APELLIDO en la casilla donde solicita el apellido y lo mismo con los NOMBRES. El n\u00famero de DNI debe colocarse sin puntos.<\/p>\n\n\n<div  class=\"lgc-column lgc-grid-parent lgc-grid-100 lgc-tablet-grid-100 lgc-mobile-grid-100 lgc-equal-heights \"><div  class=\"inside-grid-column\"><iframe loading=\"lazy\" src=\"https:\/\/docs.google.com\/forms\/d\/e\/1FAIpQLSf7XwMYrPCrREhsvXJPMQM9BnnV8JGeWLHa1HWg1F2MUNcOuw\/viewform?embedded=true\" width=\"640\" height=\"1079\" frameborder=\"0\" marginwidth=\"0\" marginheight=\"0\">Cargando\u2026<\/iframe><\/div><\/div>","protected":false},"excerpt":{"rendered":"<p>Este formulario es exclusivo para ingresantes del ciclo lectivo 2026. Por favor lea atentamente los datos que ingresa ya que los mismos se utilizar\u00e1n para darlo\/a de alta en el CAMPUS VIRTUAL donde se encuentras las AULAS de las materias que desea cursar. El o los apellidos y nombres deben escribirse todo en MAY\u00daSCULA, preste &#8230; <a title=\"FORMULARIO DE INSCRIPCI\u00d3N CAMPUS VIRTUAL 2026\" class=\"read-more\" href=\"https:\/\/uep36-cha.infd.edu.ar\/sitio\/inscripcion_plataforma_virtual\/\" aria-label=\"More on FORMULARIO DE INSCRIPCI\u00d3N CAMPUS VIRTUAL 2026\">[+]<\/a><\/p>\n","protected":false},"author":11,"featured_media":0,"parent":0,"menu_order":0,"comment_status":"closed","ping_status":"closed","template":"","meta":[],"acf":[],"_links":{"self":[{"href":"https:\/\/uep36-cha.infd.edu.ar\/sitio\/wp-json\/wp\/v2\/pages\/748"}],"collection":[{"href":"https:\/\/uep36-cha.infd.edu.ar\/sitio\/wp-json\/wp\/v2\/pages"}],"about":[{"href":"https:\/\/uep36-cha.infd.edu.ar\/sitio\/wp-json\/wp\/v2\/types\/page"}],"author":[{"embeddable":true,"href":"https:\/\/uep36-cha.infd.edu.ar\/sitio\/wp-json\/wp\/v2\/users\/11"}],"replies":[{"embeddable":true,"href":"https:\/\/uep36-cha.infd.edu.ar\/sitio\/wp-json\/wp\/v2\/comments?post=748"}],"version-history":[{"count":7,"href":"https:\/\/uep36-cha.infd.edu.ar\/sitio\/wp-json\/wp\/v2\/pages\/748\/revisions"}],"predecessor-version":[{"id":1213,"href":"https:\/\/uep36-cha.infd.edu.ar\/sitio\/wp-json\/wp\/v2\/pages\/748\/revisions\/1213"}],"wp:attachment":[{"href":"https:\/\/uep36-cha.infd.edu.ar\/sitio\/wp-json\/wp\/v2\/media?parent=748"}],"curies":[{"name":"wp","href":"https:\/\/api.w.org\/{rel}","templated":true}]}}