{"id":730,"date":"2018-06-28T01:33:56","date_gmt":"2018-06-28T04:33:56","guid":{"rendered":"https:\/\/uep36-cha.infd.edu.ar\/sitio\/informacion-para-alumnos\/"},"modified":"2026-04-06T19:30:45","modified_gmt":"2026-04-06T22:30:45","slug":"informacion-para-alumnos","status":"publish","type":"page","link":"https:\/\/uep36-cha.infd.edu.ar\/sitio\/informacion-para-alumnos\/","title":{"rendered":"SOLICITUD DE DOCUMENTACI\u00d3N"},"content":{"rendered":"\n<p><strong><mark style=\"background-color:#42f927\" class=\"has-inline-color\">PEDIDOS DE PROGRAMAS CURRICULARES 2026<\/mark><\/strong><\/p>\n\n\n\n<p><strong>-NOTA FORMAL: <\/strong>Detallando Instituci\u00f3n donde se desea presentar la documentaci\u00f3n, nombre de la carrera de la cual se solicitan los programas curriculares, nombre de cada uno de los espacios curriculares tal cual figuran en el t\u00edtulo o certificado anal\u00edtico. Firma, aclaraci\u00f3n y datos de contacto: Tel\u00e9fono.<\/p>\n\n\n\n<p>&#8211; ADJUNTAR a la nota:<\/p>\n\n\n\n<ul>\n<li>fotocopia de D.N.I.<\/li>\n\n\n\n<li>T\u00edtulo de finalizaci\u00f3n de la carrera o en su defecto certificado anal\u00edtico.<\/li>\n<\/ul>\n\n\n\n<p><strong>IMPORTANTE:<\/strong><\/p>\n\n\n\n<ul>\n<li>La documentaci\u00f3n se presenta en formato papel.<\/li>\n\n\n\n<li>De forma PRESENCIAL de 18:00 a 22:00, ingreso por Av. Yrigoyen.<\/li>\n<\/ul>\n\n\n\n\n\n<p><strong><mark style=\"background-color:#38bf1f\" class=\"has-inline-color\">SOLICITUD DE EQUIVALENCIA<\/mark><\/strong><\/p>\n\n\n\n<p>&#x1f4cc;Para realizar tu solicitud, deber\u00e1s presentar la siguiente documentaci\u00f3n:<\/p>\n\n\n\n<ul>\n<li>Fotocopia de tu DNI.<\/li>\n\n\n\n<li>\u2060Formulario de solicitud de equivalencias: <a href=\"https:\/\/docs.google.com\/document\/d\/1ZJilTvtrzxshtr84YmPGkiGF2NAKHuFB\/edit?usp=sharing&amp;ouid=104626675752107328461&amp;rtpof=true&amp;sd=true\" target=\"_blank\" rel=\"noreferrer noopener\">https:\/\/docs.google.com\/document\/d\/1ZJilTvtrzxshtr84YmPGkiGF2NAKHuFB\/edit?usp=sharing&amp;ouid=104626675752107328461&amp;rtpof=true&amp;sd=true<\/a><\/li>\n\n\n\n<li>\u2060Fotocopia del t\u00edtulo debidamente legalizado<br>Si no finaliz\u00f3 la carrera presentar certificado anal\u00edtico original de la instituci\u00f3n de origen, debidamente legalizado<\/li>\n\n\n\n<li>Programas anal\u00edticos de las asignaturas aprobadas, autenticados con sello y firma de la instituci\u00f3n de origen.<\/li>\n<\/ul>\n\n\n\n<p>\u00bfD\u00f3nde presentar la documentaci\u00f3n?<br>La documentaci\u00f3n deber\u00e1 ser presentada en sala de coordinaci\u00f3n a la Secretar\u00eda Acad\u00e9mica Rolaiser Mar\u00eda Rosa de lunes a viernes de 18:30 a 22:00<br>Importante:<br>\u2022 Aseg\u00farate de contar con toda la documentaci\u00f3n completa y en regla para evitar demoras en el proceso.<\/p>\n\n\n\n<ul>\n<li>No se recibir\u00e1n solicitudes fuera del plazo establecido.<\/li>\n<\/ul>\n","protected":false},"excerpt":{"rendered":"<p>PEDIDOS DE PROGRAMAS CURRICULARES 2026 -NOTA FORMAL: Detallando Instituci\u00f3n donde se desea presentar la documentaci\u00f3n, nombre de la carrera de la cual se solicitan los programas curriculares, nombre de cada uno de los espacios curriculares tal cual figuran en el t\u00edtulo o certificado anal\u00edtico. Firma, aclaraci\u00f3n y datos de contacto: Tel\u00e9fono. &#8211; ADJUNTAR a la &#8230; <a title=\"SOLICITUD DE DOCUMENTACI\u00d3N\" class=\"read-more\" href=\"https:\/\/uep36-cha.infd.edu.ar\/sitio\/informacion-para-alumnos\/\" aria-label=\"More on SOLICITUD DE DOCUMENTACI\u00d3N\">[+]<\/a><\/p>\n","protected":false},"author":249,"featured_media":0,"parent":0,"menu_order":0,"comment_status":"closed","ping_status":"closed","template":"","meta":[],"acf":[],"_links":{"self":[{"href":"https:\/\/uep36-cha.infd.edu.ar\/sitio\/wp-json\/wp\/v2\/pages\/730"}],"collection":[{"href":"https:\/\/uep36-cha.infd.edu.ar\/sitio\/wp-json\/wp\/v2\/pages"}],"about":[{"href":"https:\/\/uep36-cha.infd.edu.ar\/sitio\/wp-json\/wp\/v2\/types\/page"}],"author":[{"embeddable":true,"href":"https:\/\/uep36-cha.infd.edu.ar\/sitio\/wp-json\/wp\/v2\/users\/249"}],"replies":[{"embeddable":true,"href":"https:\/\/uep36-cha.infd.edu.ar\/sitio\/wp-json\/wp\/v2\/comments?post=730"}],"version-history":[{"count":10,"href":"https:\/\/uep36-cha.infd.edu.ar\/sitio\/wp-json\/wp\/v2\/pages\/730\/revisions"}],"predecessor-version":[{"id":1217,"href":"https:\/\/uep36-cha.infd.edu.ar\/sitio\/wp-json\/wp\/v2\/pages\/730\/revisions\/1217"}],"wp:attachment":[{"href":"https:\/\/uep36-cha.infd.edu.ar\/sitio\/wp-json\/wp\/v2\/media?parent=730"}],"curies":[{"name":"wp","href":"https:\/\/api.w.org\/{rel}","templated":true}]}}